{"id":3,"date":"2023-08-02T08:53:27","date_gmt":"2023-08-02T11:53:27","guid":{"rendered":"http:\/\/mpkembalagens.com.br\/?page_id=3"},"modified":"2023-08-18T16:07:22","modified_gmt":"2023-08-18T19:07:22","slug":"politica-de-privacidade","status":"publish","type":"page","link":"https:\/\/mpkembalagens.com.br\/?page_id=3","title":{"rendered":"Pol\u00edtica de privacidade"},"content":{"rendered":"\t\t<div data-elementor-type=\"wp-page\" data-elementor-id=\"3\" class=\"elementor elementor-3\">\n\t\t\t\t\t\t\t<div class=\"elementor-element elementor-element-3b66590 e-flex e-con-boxed e-con\" data-id=\"3b66590\" data-element_type=\"container\" data-settings=\"{&quot;content_width&quot;:&quot;boxed&quot;}\">\n\t\t\t\t\t<div class=\"e-con-inner\">\n\t\t\t\t<div class=\"elementor-element elementor-element-47735a5 elementor-widget elementor-widget-heading\" data-id=\"47735a5\" data-element_type=\"widget\" data-widget_type=\"heading.default\">\n\t\t\t\t<div class=\"elementor-widget-container\">\n\t\t\t<style>\/*! elementor - v3.15.0 - 20-08-2023 *\/\n.elementor-heading-title{padding:0;margin:0;line-height:1}.elementor-widget-heading .elementor-heading-title[class*=elementor-size-]>a{color:inherit;font-size:inherit;line-height:inherit}.elementor-widget-heading .elementor-heading-title.elementor-size-small{font-size:15px}.elementor-widget-heading .elementor-heading-title.elementor-size-medium{font-size:19px}.elementor-widget-heading .elementor-heading-title.elementor-size-large{font-size:29px}.elementor-widget-heading .elementor-heading-title.elementor-size-xl{font-size:39px}.elementor-widget-heading .elementor-heading-title.elementor-size-xxl{font-size:59px}<\/style><h2 class=\"elementor-heading-title elementor-size-default\">\nAviso de Cookies<\/h2>\t\t<\/div>\n\t\t\t\t<\/div>\n\t\t\t\t<div class=\"elementor-element elementor-element-21e1b9e elementor-widget elementor-widget-text-editor\" data-id=\"21e1b9e\" data-element_type=\"widget\" data-widget_type=\"text-editor.default\">\n\t\t\t\t<div class=\"elementor-widget-container\">\n\t\t\t<style>\/*! elementor - v3.15.0 - 20-08-2023 *\/\n.elementor-widget-text-editor.elementor-drop-cap-view-stacked .elementor-drop-cap{background-color:#69727d;color:#fff}.elementor-widget-text-editor.elementor-drop-cap-view-framed .elementor-drop-cap{color:#69727d;border:3px solid;background-color:transparent}.elementor-widget-text-editor:not(.elementor-drop-cap-view-default) .elementor-drop-cap{margin-top:8px}.elementor-widget-text-editor:not(.elementor-drop-cap-view-default) .elementor-drop-cap-letter{width:1em;height:1em}.elementor-widget-text-editor .elementor-drop-cap{float:left;text-align:center;line-height:1;font-size:50px}.elementor-widget-text-editor .elementor-drop-cap-letter{display:inline-block}<\/style>\t\t\t\t<p>N\u00f3s utilizamos cookies e outras tecnologias semelhantes para melhorar a sua experi\u00eancia em nossos servi\u00e7os, personalizar publicidade e recomendar conte\u00fado com base em seu interesse. Ao utilizar este site, voc\u00ea concorda com o armazenamento de cookies em seu dispositivo para gera\u00e7\u00e3o de marketing personalizado e para proporcionarmos melhor experi\u00eancia de navega\u00e7\u00e3o. Acesse nossa Pol\u00edtica de Privacidade para entender melhor como utilizamos estes dados.<\/p>\t\t\t\t\t\t<\/div>\n\t\t\t\t<\/div>\n\t\t\t\t<div class=\"elementor-element elementor-element-b1f4cdc elementor-widget elementor-widget-heading\" data-id=\"b1f4cdc\" data-element_type=\"widget\" data-widget_type=\"heading.default\">\n\t\t\t\t<div class=\"elementor-widget-container\">\n\t\t\t<h2 class=\"elementor-heading-title elementor-size-default\">Pol\u00edtica de privacidade \n<\/h2>\t\t<\/div>\n\t\t\t\t<\/div>\n\t\t\t\t<div class=\"elementor-element elementor-element-3e305c8 elementor-widget elementor-widget-text-editor\" data-id=\"3e305c8\" data-element_type=\"widget\" data-widget_type=\"text-editor.default\">\n\t\t\t\t<div class=\"elementor-widget-container\">\n\t\t\t\t\t\t\t<p>A sua privacidade \u00e9 importante para n\u00f3s. \u00c9 pol\u00edtica da MPK Embalagens respeitar a sua privacidade em rela\u00e7\u00e3o a quaisquer dados pessoais que possamos coletar por meio de nossos canais, incluindo o site MPK Embalagens e redes sociais, portanto, pedimos que leia esta Pol\u00edtica de Privacidade cuidadosamente para entender nossas pr\u00e1ticas sobre os seus dados pessoais e como \u00e9 realizado o tratamento destes.<\/p>\n<p>Esta Pol\u00edtica se aplica a pessoas naturais que interagem com os servi\u00e7os da MPK Embalagens como usu\u00e1rios. Esta Pol\u00edtica explica como seus dados pessoais s\u00e3o coletados, usados pela MPK Embalagens sob as normas de prote\u00e7\u00e3o de dados em aten\u00e7\u00e3o a Lei 13.709\/2018, Lei Geral de Prote\u00e7\u00e3o de Dados Pessoais &#8211; LGPD. Ela tamb\u00e9m informa como voc\u00ea pode acessar e atualizar seus dados pessoais e tomar certas decis\u00f5es sobre como os seus dados pessoais s\u00e3o utilizados.<\/p>\n<p>Solicitamos dados pessoais apenas quando realmente precisamos deles para lhe fornecer um servi\u00e7o. Fazemo-lo por meios justos e legais, com o seu conhecimento e consentimento. Tamb\u00e9m informamos por que estamos coletando e como ser\u00e1 usado.<\/p>\n<p>Apenas retemos os dados pessoais coletados pelo tempo necess\u00e1rio para fornecer o servi\u00e7o solicitado. Quando armazenamos dados pessoais, os protegemos dentro de meios comercialmente aceit\u00e1veis para evitar perdas e roubos, bem como acesso, divulga\u00e7\u00e3o, c\u00f3pia, uso ou modifica\u00e7\u00e3o n\u00e3o autorizados.<\/p>\n<p>N\u00e3o compartilhamos dados pessoais publicamente, exceto quando exigido por lei.<\/p>\n<p>O nosso site pode ter links para sites externos que n\u00e3o s\u00e3o operados por n\u00f3s. Esteja ciente de que n\u00e3o temos controle sobre o conte\u00fado e pr\u00e1ticas desses sites e n\u00e3o podemos aceitar responsabilidade por suas respectivas pol\u00edticas de privacidade.<\/p>\n<p>Voc\u00ea \u00e9 livre para recusar a nossa solicita\u00e7\u00e3o de informa\u00e7\u00f5es pessoais, entendendo que talvez n\u00e3o possamos fornecer alguns dos servi\u00e7os desejados.<\/p>\n<p>O uso continuado de nosso site ser\u00e1 considerado como aceita\u00e7\u00e3o de nossas pr\u00e1ticas em torno de privacidade e informa\u00e7\u00f5es pessoais. Se voc\u00ea tiver alguma d\u00favida sobre como lidamos com dados do usu\u00e1rio e informa\u00e7\u00f5es pessoais, entre em contacto conosco.<\/p>\t\t\t\t\t\t<\/div>\n\t\t\t\t<\/div>\n\t\t\t\t<div class=\"elementor-element elementor-element-0c1f0f3 elementor-widget elementor-widget-heading\" data-id=\"0c1f0f3\" data-element_type=\"widget\" data-widget_type=\"heading.default\">\n\t\t\t\t<div class=\"elementor-widget-container\">\n\t\t\t<h2 class=\"elementor-heading-title elementor-size-default\">Pol\u00edtica de Cookies MPK Embalagens\n<\/h2>\t\t<\/div>\n\t\t\t\t<\/div>\n\t\t\t\t<div class=\"elementor-element elementor-element-f076b4b elementor-widget elementor-widget-text-editor\" data-id=\"f076b4b\" data-element_type=\"widget\" data-widget_type=\"text-editor.default\">\n\t\t\t\t<div class=\"elementor-widget-container\">\n\t\t\t\t\t\t\t<p>O que s\u00e3o cookies?<\/p>\t\t\t\t\t\t<\/div>\n\t\t\t\t<\/div>\n\t\t\t\t<div class=\"elementor-element elementor-element-529ff43 elementor-widget elementor-widget-text-editor\" data-id=\"529ff43\" data-element_type=\"widget\" data-widget_type=\"text-editor.default\">\n\t\t\t\t<div class=\"elementor-widget-container\">\n\t\t\t\t\t\t\t<p>Como \u00e9 pr\u00e1tica comum em quase todos os sites profissionais, este site usa cookies, que s\u00e3o pequenos arquivos baixados no seu computador, para melhorar sua experi\u00eancia. Esta p\u00e1gina descreve quais informa\u00e7\u00f5es eles coletam, como as usamos e por que \u00e0s vezes precisamos armazenar esses cookies. Tamb\u00e9m compartilharemos como voc\u00ea pode impedir que esses cookies sejam armazenados, no entanto, isso pode fazer o downgrade ou \u2018quebrar\u2019 certos elementos da funcionalidade do site.<\/p>\t\t\t\t\t\t<\/div>\n\t\t\t\t<\/div>\n\t\t\t\t<div class=\"elementor-element elementor-element-1b1bb01 elementor-widget elementor-widget-text-editor\" data-id=\"1b1bb01\" data-element_type=\"widget\" data-widget_type=\"text-editor.default\">\n\t\t\t\t<div class=\"elementor-widget-container\">\n\t\t\t\t\t\t\t<p>Como usamos os cookies?<\/p>\t\t\t\t\t\t<\/div>\n\t\t\t\t<\/div>\n\t\t\t\t<div class=\"elementor-element elementor-element-d9c8e78 elementor-widget elementor-widget-text-editor\" data-id=\"d9c8e78\" data-element_type=\"widget\" data-widget_type=\"text-editor.default\">\n\t\t\t\t<div class=\"elementor-widget-container\">\n\t\t\t\t\t\t\t<p>Utilizamos cookies por v\u00e1rios motivos, detalhados abaixo. Infelizmente, na maioria dos casos, n\u00e3o existem op\u00e7\u00f5es padr\u00e3o do setor para desativar os cookies sem desativar completamente a funcionalidade e os recursos que eles adicionam a este site. \u00c9 recomend\u00e1vel que voc\u00ea deixe todos os cookies se n\u00e3o tiver certeza se precisa ou n\u00e3o deles, caso sejam usados \u200b\u200bpara fornecer um servi\u00e7o que voc\u00ea usa.<\/p>\t\t\t\t\t\t<\/div>\n\t\t\t\t<\/div>\n\t\t\t\t<div class=\"elementor-element elementor-element-aa04229 elementor-widget elementor-widget-text-editor\" data-id=\"aa04229\" data-element_type=\"widget\" data-widget_type=\"text-editor.default\">\n\t\t\t\t<div class=\"elementor-widget-container\">\n\t\t\t\t\t\t\t<p>Desativar cookies<\/p>\t\t\t\t\t\t<\/div>\n\t\t\t\t<\/div>\n\t\t\t\t<div class=\"elementor-element elementor-element-ba03ada elementor-widget elementor-widget-text-editor\" data-id=\"ba03ada\" data-element_type=\"widget\" data-widget_type=\"text-editor.default\">\n\t\t\t\t<div class=\"elementor-widget-container\">\n\t\t\t\t\t\t\t<p>Voc\u00ea pode impedir a configura\u00e7\u00e3o de cookies ajustando as configura\u00e7\u00f5es do seu navegador (consulte a Ajuda do navegador para saber como fazer isso). Esteja ciente de que a desativa\u00e7\u00e3o de cookies afetar\u00e1 a funcionalidade deste e de muitos outros sites que voc\u00ea visita. A desativa\u00e7\u00e3o de cookies geralmente resultar\u00e1 na desativa\u00e7\u00e3o de determinadas funcionalidades e recursos deste site. Portanto, \u00e9 recomend\u00e1vel que voc\u00ea n\u00e3o desative os cookies.<\/p>\t\t\t\t\t\t<\/div>\n\t\t\t\t<\/div>\n\t\t\t\t<div class=\"elementor-element elementor-element-b7da019 elementor-widget elementor-widget-text-editor\" data-id=\"b7da019\" data-element_type=\"widget\" data-widget_type=\"text-editor.default\">\n\t\t\t\t<div class=\"elementor-widget-container\">\n\t\t\t\t\t\t\t<p>Cookies relacionados a formul\u00e1rios<\/p>\t\t\t\t\t\t<\/div>\n\t\t\t\t<\/div>\n\t\t\t\t<div class=\"elementor-element elementor-element-935c4d4 elementor-widget elementor-widget-text-editor\" data-id=\"935c4d4\" data-element_type=\"widget\" data-widget_type=\"text-editor.default\">\n\t\t\t\t<div class=\"elementor-widget-container\">\n\t\t\t\t\t\t\t<p>Quando voc\u00ea envia dados por meio de um formul\u00e1rio como os encontrados nas p\u00e1ginas de contacto ou nos formul\u00e1rios de coment\u00e1rios, os cookies podem ser configurados para lembrar os detalhes do usu\u00e1rio para correspond\u00eancia futura.<\/p>\t\t\t\t\t\t<\/div>\n\t\t\t\t<\/div>\n\t\t\t\t<div class=\"elementor-element elementor-element-31f6a69 elementor-widget elementor-widget-text-editor\" data-id=\"31f6a69\" data-element_type=\"widget\" data-widget_type=\"text-editor.default\">\n\t\t\t\t<div class=\"elementor-widget-container\">\n\t\t\t\t\t\t\t<p>Cookies de prefer\u00eancias do site<\/p>\t\t\t\t\t\t<\/div>\n\t\t\t\t<\/div>\n\t\t\t\t<div class=\"elementor-element elementor-element-ab8c9a2 elementor-widget elementor-widget-text-editor\" data-id=\"ab8c9a2\" data-element_type=\"widget\" data-widget_type=\"text-editor.default\">\n\t\t\t\t<div class=\"elementor-widget-container\">\n\t\t\t\t\t\t\t<p>Para proporcionar uma \u00f3tima experi\u00eancia neste site, fornecemos a funcionalidade para definir suas prefer\u00eancias de como esse site \u00e9 executado quando voc\u00ea o usa. Para lembrar suas prefer\u00eancias, precisamos definir cookies para que essas informa\u00e7\u00f5es possam ser chamadas sempre que voc\u00ea interagir com uma p\u00e1gina for afetada por suas prefer\u00eancias.<br \/>Cookies de Terceiros<\/p>\n<p>Este site usa o Google Analytics, que \u00e9 uma das solu\u00e7\u00f5es de an\u00e1lise mais difundidas e confi\u00e1veis da Web, para nos ajudar a entender como voc\u00ea usa o site e como podemos melhorar sua experi\u00eancia. Esses cookies podem rastrear itens como quanto tempo voc\u00ea gasta no site e as p\u00e1ginas visitadas, para que possamos continuar produzindo conte\u00fado atraente.<br \/>Para mais informa\u00e7\u00f5es sobre cookies do Google Analytics, consulte a p\u00e1gina oficial do Google Analytics.<\/p>\n<p>As an\u00e1lises de terceiros s\u00e3o usadas para rastrear e medir o uso deste site, para que possamos continuar produzindo conte\u00fado atrativo. Esses cookies podem rastrear itens como o tempo que voc\u00ea passa no site ou as p\u00e1ginas visitadas, o que nos ajuda a entender como podemos melhorar o site para voc\u00ea.<\/p>\n<p>Periodicamente, testamos novos recursos e fazemos altera\u00e7\u00f5es sutis na maneira como o site se apresenta. Quando ainda estamos testando novos recursos, esses cookies podem ser usados para garantir que voc\u00ea receba uma experi\u00eancia consistente enquanto estiver no site, enquanto entendemos quais otimiza\u00e7\u00f5es os nossos usu\u00e1rios mais apreciam.<\/p>\n<p>\u00c0 medida que vendemos produtos, \u00e9 importante entendermos as estat\u00edsticas sobre quantos visitantes de nosso site realmente compram e, portanto, esse \u00e9 o tipo de dados que esses cookies rastrear\u00e3o. Isso \u00e9 importante para voc\u00ea, pois significa que podemos fazer previs\u00f5es de neg\u00f3cios com precis\u00e3o que nos permitem analisar nossos custos de publicidade e produtos para garantir o melhor pre\u00e7o poss\u00edvel.<\/p>\t\t\t\t\t\t<\/div>\n\t\t\t\t<\/div>\n\t\t\t\t<div class=\"elementor-element elementor-element-f8cdc27 elementor-widget elementor-widget-heading\" data-id=\"f8cdc27\" data-element_type=\"widget\" data-widget_type=\"heading.default\">\n\t\t\t\t<div class=\"elementor-widget-container\">\n\t\t\t<h2 class=\"elementor-heading-title elementor-size-default\">Mais informa\u00e7\u00f5es<\/h2>\t\t<\/div>\n\t\t\t\t<\/div>\n\t\t\t\t<div class=\"elementor-element elementor-element-06a9a49 elementor-widget elementor-widget-text-editor\" data-id=\"06a9a49\" data-element_type=\"widget\" data-widget_type=\"text-editor.default\">\n\t\t\t\t<div class=\"elementor-widget-container\">\n\t\t\t\t\t\t\t<p>Esperemos que esteja esclarecido e, como mencionado anteriormente, se houver algo que voc\u00ea n\u00e3o tem certeza se precisa ou n\u00e3o, geralmente \u00e9 mais seguro deixar os cookies ativados, caso interaja com um dos recursos que voc\u00ea usa em nosso site.<\/p>\t\t\t\t\t\t<\/div>\n\t\t\t\t<\/div>\n\t\t\t\t<div class=\"elementor-element elementor-element-d3139e5 elementor-widget elementor-widget-text-editor\" data-id=\"d3139e5\" data-element_type=\"widget\" data-widget_type=\"text-editor.default\">\n\t\t\t\t<div class=\"elementor-widget-container\">\n\t\t\t\t\t\t\t<p>Encarregado pelo Tratamento de Dados Pessoais:<\/p>\t\t\t\t\t\t<\/div>\n\t\t\t\t<\/div>\n\t\t\t\t<div class=\"elementor-element elementor-element-5ca193d elementor-widget elementor-widget-text-editor\" data-id=\"5ca193d\" data-element_type=\"widget\" data-widget_type=\"text-editor.default\">\n\t\t\t\t<div class=\"elementor-widget-container\">\n\t\t\t\t\t\t\t<div>MPK Embalagens<\/div>\n<div>\n<div>Atrav\u00e9s do e-mail: mpk@mpkembalagens.com.br<\/div>\n<\/div>\t\t\t\t\t\t<\/div>\n\t\t\t\t<\/div>\n\t\t\t\t<div class=\"elementor-element elementor-element-31056b1 elementor-widget elementor-widget-text-editor\" data-id=\"31056b1\" data-element_type=\"widget\" data-widget_type=\"text-editor.default\">\n\t\t\t\t<div class=\"elementor-widget-container\">\n\t\t\t\t\t\t\t<p>A MPK Embalagens receber\u00e1, investigar\u00e1 e responder\u00e1, dentro de um prazo considerado razo\u00e1vel, qualquer solicita\u00e7\u00e3o ou reclama\u00e7\u00e3o sobre a forma como n\u00f3s tratamos seus Dados Pessoais, incluindo reclama\u00e7\u00f5es sobre desrespeito aos seus direitos sob as leis de privacidade e prote\u00e7\u00e3o de Dados Pessoais vigentes.<\/p>\n<div>\u00a0<\/div>\t\t\t\t\t\t<\/div>\n\t\t\t\t<\/div>\n\t\t\t\t\t<\/div>\n\t\t\t\t<\/div>\n\t\t\t\t\t\t\t<\/div>\n\t\t","protected":false},"excerpt":{"rendered":"<p>Aviso de Cookies N\u00f3s utilizamos cookies e outras tecnologias semelhantes para melhorar a sua experi\u00eancia em nossos servi\u00e7os, personalizar publicidade e recomendar conte\u00fado com base em seu interesse. Ao utilizar este site, voc\u00ea concorda com o armazenamento de cookies em seu dispositivo para gera\u00e7\u00e3o de marketing personalizado e para proporcionarmos melhor experi\u00eancia de navega\u00e7\u00e3o. Acesse [&hellip;]<\/p>\n","protected":false},"author":1,"featured_media":0,"parent":0,"menu_order":0,"comment_status":"closed","ping_status":"open","template":"","meta":{"_joinchat":[]},"yoast_head":"<!-- This site is optimized with the Yoast SEO plugin v21.1 - https:\/\/yoast.com\/wordpress\/plugins\/seo\/ -->\n<title>Pol\u00edtica de privacidade - Destaque seu produto com Embalagens Pl\u00e1sticas da MPK Embalagens - mpkembalagens.com.br<\/title>\n<meta name=\"robots\" content=\"index, follow, max-snippet:-1, max-image-preview:large, max-video-preview:-1\" \/>\n<link rel=\"canonical\" href=\"https:\/\/mpkembalagens.com.br\/?page_id=3\" \/>\n<meta property=\"og:locale\" content=\"en_US\" \/>\n<meta property=\"og:type\" content=\"article\" \/>\n<meta property=\"og:title\" content=\"Pol\u00edtica de privacidade - Destaque seu produto com Embalagens Pl\u00e1sticas da MPK Embalagens - mpkembalagens.com.br\" \/>\n<meta property=\"og:description\" content=\"Aviso de Cookies N\u00f3s utilizamos cookies e outras tecnologias semelhantes para melhorar a sua experi\u00eancia em nossos servi\u00e7os, personalizar publicidade e recomendar conte\u00fado com base em seu interesse. Ao utilizar este site, voc\u00ea concorda com o armazenamento de cookies em seu dispositivo para gera\u00e7\u00e3o de marketing personalizado e para proporcionarmos melhor experi\u00eancia de navega\u00e7\u00e3o. Acesse [&hellip;]\" \/>\n<meta property=\"og:url\" content=\"https:\/\/mpkembalagens.com.br\/?page_id=3\" \/>\n<meta property=\"og:site_name\" content=\"Destaque seu produto com Embalagens Pl\u00e1sticas da MPK Embalagens - mpkembalagens.com.br\" \/>\n<meta property=\"article:modified_time\" content=\"2023-08-18T19:07:22+00:00\" \/>\n<meta property=\"og:image\" content=\"https:\/\/mpkembalagens.com.br\/wp-content\/uploads\/2023\/08\/favicon-1.png\" \/>\n\t<meta property=\"og:image:width\" content=\"1080\" \/>\n\t<meta property=\"og:image:height\" content=\"1080\" \/>\n\t<meta property=\"og:image:type\" content=\"image\/png\" \/>\n<meta name=\"twitter:card\" content=\"summary_large_image\" \/>\n<meta name=\"twitter:label1\" content=\"Est. reading time\" \/>\n\t<meta name=\"twitter:data1\" content=\"6 minutes\" \/>\n<script type=\"application\/ld+json\" class=\"yoast-schema-graph\">{\"@context\":\"https:\/\/schema.org\",\"@graph\":[{\"@type\":\"WebPage\",\"@id\":\"https:\/\/mpkembalagens.com.br\/?page_id=3\",\"url\":\"https:\/\/mpkembalagens.com.br\/?page_id=3\",\"name\":\"Pol\u00edtica de privacidade - Destaque seu produto com Embalagens Pl\u00e1sticas da MPK Embalagens - mpkembalagens.com.br\",\"isPartOf\":{\"@id\":\"https:\/\/mpkembalagens.com.br\/#website\"},\"datePublished\":\"2023-08-02T11:53:27+00:00\",\"dateModified\":\"2023-08-18T19:07:22+00:00\",\"breadcrumb\":{\"@id\":\"https:\/\/mpkembalagens.com.br\/?page_id=3#breadcrumb\"},\"inLanguage\":\"en-US\",\"potentialAction\":[{\"@type\":\"ReadAction\",\"target\":[\"https:\/\/mpkembalagens.com.br\/?page_id=3\"]}]},{\"@type\":\"BreadcrumbList\",\"@id\":\"https:\/\/mpkembalagens.com.br\/?page_id=3#breadcrumb\",\"itemListElement\":[{\"@type\":\"ListItem\",\"position\":1,\"name\":\"In\u00edcio\",\"item\":\"https:\/\/mpkembalagens.com.br\/\"},{\"@type\":\"ListItem\",\"position\":2,\"name\":\"Pol\u00edtica de privacidade\"}]},{\"@type\":\"WebSite\",\"@id\":\"https:\/\/mpkembalagens.com.br\/#website\",\"url\":\"https:\/\/mpkembalagens.com.br\/\",\"name\":\"MPK Embalagens\",\"description\":\"Especializados em PVC e PET, fornecemos produtos de qualidade, atendendo v\u00e1rios segmentos. Efici\u00eancia e processos avan\u00e7ados s\u00e3o nossa prioridade desde 2007.\",\"publisher\":{\"@id\":\"https:\/\/mpkembalagens.com.br\/#organization\"},\"potentialAction\":[{\"@type\":\"SearchAction\",\"target\":{\"@type\":\"EntryPoint\",\"urlTemplate\":\"https:\/\/mpkembalagens.com.br\/?s={search_term_string}\"},\"query-input\":\"required name=search_term_string\"}],\"inLanguage\":\"en-US\"},{\"@type\":\"Organization\",\"@id\":\"https:\/\/mpkembalagens.com.br\/#organization\",\"name\":\"MPK Embalagens\",\"url\":\"https:\/\/mpkembalagens.com.br\/\",\"logo\":{\"@type\":\"ImageObject\",\"inLanguage\":\"en-US\",\"@id\":\"https:\/\/mpkembalagens.com.br\/#\/schema\/logo\/image\/\",\"url\":\"https:\/\/mpkembalagens.com.br\/wp-content\/uploads\/2023\/08\/cropped-favicon-1.png\",\"contentUrl\":\"https:\/\/mpkembalagens.com.br\/wp-content\/uploads\/2023\/08\/cropped-favicon-1.png\",\"width\":512,\"height\":512,\"caption\":\"MPK Embalagens\"},\"image\":{\"@id\":\"https:\/\/mpkembalagens.com.br\/#\/schema\/logo\/image\/\"},\"sameAs\":[\"https:\/\/www.linkedin.com\/company\/mpk-indstria-e-comrcio-de-embalagens\/\"]}]}<\/script>\n<!-- \/ Yoast SEO plugin. -->","yoast_head_json":{"title":"Pol\u00edtica de privacidade - Destaque seu produto com Embalagens Pl\u00e1sticas da MPK Embalagens - mpkembalagens.com.br","robots":{"index":"index","follow":"follow","max-snippet":"max-snippet:-1","max-image-preview":"max-image-preview:large","max-video-preview":"max-video-preview:-1"},"canonical":"https:\/\/mpkembalagens.com.br\/?page_id=3","og_locale":"en_US","og_type":"article","og_title":"Pol\u00edtica de privacidade - Destaque seu produto com Embalagens Pl\u00e1sticas da MPK Embalagens - mpkembalagens.com.br","og_description":"Aviso de Cookies N\u00f3s utilizamos cookies e outras tecnologias semelhantes para melhorar a sua experi\u00eancia em nossos servi\u00e7os, personalizar publicidade e recomendar conte\u00fado com base em seu interesse. Ao utilizar este site, voc\u00ea concorda com o armazenamento de cookies em seu dispositivo para gera\u00e7\u00e3o de marketing personalizado e para proporcionarmos melhor experi\u00eancia de navega\u00e7\u00e3o. Acesse [&hellip;]","og_url":"https:\/\/mpkembalagens.com.br\/?page_id=3","og_site_name":"Destaque seu produto com Embalagens Pl\u00e1sticas da MPK Embalagens - mpkembalagens.com.br","article_modified_time":"2023-08-18T19:07:22+00:00","og_image":[{"width":1080,"height":1080,"url":"https:\/\/mpkembalagens.com.br\/wp-content\/uploads\/2023\/08\/favicon-1.png","type":"image\/png"}],"twitter_card":"summary_large_image","twitter_misc":{"Est. reading time":"6 minutes"},"schema":{"@context":"https:\/\/schema.org","@graph":[{"@type":"WebPage","@id":"https:\/\/mpkembalagens.com.br\/?page_id=3","url":"https:\/\/mpkembalagens.com.br\/?page_id=3","name":"Pol\u00edtica de privacidade - Destaque seu produto com Embalagens Pl\u00e1sticas da MPK Embalagens - mpkembalagens.com.br","isPartOf":{"@id":"https:\/\/mpkembalagens.com.br\/#website"},"datePublished":"2023-08-02T11:53:27+00:00","dateModified":"2023-08-18T19:07:22+00:00","breadcrumb":{"@id":"https:\/\/mpkembalagens.com.br\/?page_id=3#breadcrumb"},"inLanguage":"en-US","potentialAction":[{"@type":"ReadAction","target":["https:\/\/mpkembalagens.com.br\/?page_id=3"]}]},{"@type":"BreadcrumbList","@id":"https:\/\/mpkembalagens.com.br\/?page_id=3#breadcrumb","itemListElement":[{"@type":"ListItem","position":1,"name":"In\u00edcio","item":"https:\/\/mpkembalagens.com.br\/"},{"@type":"ListItem","position":2,"name":"Pol\u00edtica de privacidade"}]},{"@type":"WebSite","@id":"https:\/\/mpkembalagens.com.br\/#website","url":"https:\/\/mpkembalagens.com.br\/","name":"MPK Embalagens","description":"Especializados em PVC e PET, fornecemos produtos de qualidade, atendendo v\u00e1rios segmentos. Efici\u00eancia e processos avan\u00e7ados s\u00e3o nossa prioridade desde 2007.","publisher":{"@id":"https:\/\/mpkembalagens.com.br\/#organization"},"potentialAction":[{"@type":"SearchAction","target":{"@type":"EntryPoint","urlTemplate":"https:\/\/mpkembalagens.com.br\/?s={search_term_string}"},"query-input":"required name=search_term_string"}],"inLanguage":"en-US"},{"@type":"Organization","@id":"https:\/\/mpkembalagens.com.br\/#organization","name":"MPK Embalagens","url":"https:\/\/mpkembalagens.com.br\/","logo":{"@type":"ImageObject","inLanguage":"en-US","@id":"https:\/\/mpkembalagens.com.br\/#\/schema\/logo\/image\/","url":"https:\/\/mpkembalagens.com.br\/wp-content\/uploads\/2023\/08\/cropped-favicon-1.png","contentUrl":"https:\/\/mpkembalagens.com.br\/wp-content\/uploads\/2023\/08\/cropped-favicon-1.png","width":512,"height":512,"caption":"MPK Embalagens"},"image":{"@id":"https:\/\/mpkembalagens.com.br\/#\/schema\/logo\/image\/"},"sameAs":["https:\/\/www.linkedin.com\/company\/mpk-indstria-e-comrcio-de-embalagens\/"]}]}},"_links":{"self":[{"href":"https:\/\/mpkembalagens.com.br\/index.php?rest_route=\/wp\/v2\/pages\/3"}],"collection":[{"href":"https:\/\/mpkembalagens.com.br\/index.php?rest_route=\/wp\/v2\/pages"}],"about":[{"href":"https:\/\/mpkembalagens.com.br\/index.php?rest_route=\/wp\/v2\/types\/page"}],"author":[{"embeddable":true,"href":"https:\/\/mpkembalagens.com.br\/index.php?rest_route=\/wp\/v2\/users\/1"}],"replies":[{"embeddable":true,"href":"https:\/\/mpkembalagens.com.br\/index.php?rest_route=%2Fwp%2Fv2%2Fcomments&post=3"}],"version-history":[{"count":7,"href":"https:\/\/mpkembalagens.com.br\/index.php?rest_route=\/wp\/v2\/pages\/3\/revisions"}],"predecessor-version":[{"id":312,"href":"https:\/\/mpkembalagens.com.br\/index.php?rest_route=\/wp\/v2\/pages\/3\/revisions\/312"}],"wp:attachment":[{"href":"https:\/\/mpkembalagens.com.br\/index.php?rest_route=%2Fwp%2Fv2%2Fmedia&parent=3"}],"curies":[{"name":"wp","href":"https:\/\/api.w.org\/{rel}","templated":true}]}}